{"id":355,"date":"2021-05-15T23:19:57","date_gmt":"2021-05-15T21:19:57","guid":{"rendered":"https:\/\/lesamisdesaintmichel.fr\/?page_id=355"},"modified":"2021-05-16T21:46:28","modified_gmt":"2021-05-16T19:46:28","slug":"dons-et-offrandes","status":"publish","type":"page","link":"https:\/\/lesamisdesaintmichel.fr\/index.php\/dons-et-offrandes\/","title":{"rendered":"Dons et offrandes"},"content":{"rendered":"\n    \n    <section class=\"u-clearfix u-image u-section-2\" id=\"carousel_17f0\" data-image-width=\"1980\" data-image-height=\"1114\">\n      <div class=\"u-clearfix u-layout-wrap u-layout-wrap-1\">\n        <div class=\"u-layout\">\n          <div class=\"u-layout-row\">\n            <div class=\"u-align-left u-container-style u-layout-cell u-left-cell u-size-26-lg u-size-28-xl u-size-29-md u-size-29-sm u-size-29-xs u-layout-cell-1\">\n              <div class=\"u-container-layout u-valign-middle u-container-layout-1\">\n                <h1 class=\"u-custom-font u-font-lato u-text u-text-body-alt-color u-text-1\">Soutenez-nous, faites un don !<br>\n                <\/h1>\n                <a href=\"https:\/\/www.paypal.com\/biz\/fund?id=N6XMTXDK3U64J\" class=\"u-active-white u-align-center u-border-2 u-border-active-white u-border-hover-white u-border-white u-btn u-button-style u-hover-white u-none u-btn-1\" target=\"_blank\">Je fais un don<\/a>\n              <\/div>\n            <\/div>\n            <div class=\"u-container-style u-image u-layout-cell u-right-cell u-shape-rectangle u-size-31-md u-size-31-sm u-size-31-xs u-size-32-xl u-size-34-lg u-image-1\" data-image-width=\"1200\" data-image-height=\"949\">\n              <div class=\"u-container-layout u-container-layout-2\"><\/div>\n            <\/div>\n          <\/div>\n        <\/div>\n      <\/div>\n    <\/section>\n    <section class=\"u-align-center u-clearfix u-section-3\" id=\"sec-f099\">\n      <div class=\"u-clearfix u-sheet u-sheet-1\">\n        <div class=\"u-expanded-width u-list u-list-1\">\n          <div class=\"u-repeater u-repeater-1\">\n            <div class=\"u-align-center u-container-style u-list-item u-repeater-item\">\n              <div class=\"u-container-layout u-similar-container u-valign-top u-container-layout-1\"><span class=\"u-icon u-icon-circle u-icon-1\"><svg class=\"u-svg-link\" preserveAspectRatio=\"xMidYMin slice\" viewBox=\"0 0 50 50\" style=\"\"><use xlink:href=\"#svg-36f7\"><\/use><\/svg><svg class=\"u-svg-content\" viewBox=\"0 0 50 50\" x=\"0px\" y=\"0px\" id=\"svg-36f7\" style=\"enable-background:new 0 0 50 50;\"><path style=\"fill:currentColor;\" d=\"M24.85,10.126c2.018-4.783,6.628-8.125,11.99-8.125c7.223,0,12.425,6.179,13.079,13.543\n\tc0,0,0.353,1.828-0.424,5.119c-1.058,4.482-3.545,8.464-6.898,11.503L24.85,48L7.402,32.165c-3.353-3.038-5.84-7.021-6.898-11.503\n\tc-0.777-3.291-0.424-5.119-0.424-5.119C0.734,8.179,5.936,2,13.159,2C18.522,2,22.832,5.343,24.85,10.126z\"><\/path><\/svg><\/span>\n                <p class=\"u-text u-text-1\">Pour nous soutenir et nous permettre d'organiser des \u00e9v\u00e9nements internationaux gratuits en ligne et\/ou en personne.<\/p>\n                <a href=\"https:\/\/www.paypal.com\/biz\/fund?id=N6XMTXDK3U64J\" class=\"u-border-2 u-border-hover-palette-1-base u-border-palette-1-base u-btn u-btn-round u-button-style u-hover-palette-1-base u-none u-radius-50 u-btn-1\" target=\"_blank\">Je donne<\/a>\n              <\/div>\n            <\/div>\n            <div class=\"u-align-center u-container-style u-list-item u-repeater-item\">\n              <div class=\"u-container-layout u-similar-container u-valign-top u-container-layout-2\"><span class=\"u-icon u-icon-circle u-icon-2\"><svg class=\"u-svg-link\" preserveAspectRatio=\"xMidYMin slice\" viewBox=\"0 0 50 50\" style=\"\"><use xlink:href=\"#svg-9516\"><\/use><\/svg><svg class=\"u-svg-content\" viewBox=\"0 0 50 50\" x=\"0px\" y=\"0px\" id=\"svg-9516\" style=\"enable-background:new 0 0 50 50;\"><path style=\"fill:#C03A2B;\" d=\"M24.85,10.126c2.018-4.783,6.628-8.125,11.99-8.125c7.223,0,12.425,6.179,13.079,13.543\n\tc0,0,0.353,1.828-0.424,5.119c-1.058,4.482-3.545,8.464-6.898,11.503L24.85,48L7.402,32.165c-3.353-3.038-5.84-7.021-6.898-11.503\n\tc-0.777-3.291-0.424-5.119-0.424-5.119C0.734,8.179,5.936,2,13.159,2C18.522,2,22.832,5.343,24.85,10.126z\"><\/path><path style=\"fill:#ED7161;\" d=\"M6,18.078c-0.553,0-1-0.447-1-1c0-5.514,4.486-10,10-10c0.553,0,1,0.447,1,1s-0.447,1-1,1\n\tc-4.411,0-8,3.589-8,8C7,17.631,6.553,18.078,6,18.078z\"><\/path><\/svg><\/span>\n                <p class=\"u-text u-text-2\">Pour soutenir les pr\u00eatres qui participent b\u00e9n\u00e9volement \u00e0 nos \u00e9v\u00e9nements<\/p>\n                <a href=\"https:\/\/www.paypal.com\/donate?hosted_button_id=FNSRUXFVWZLGU\" class=\"u-border-2 u-border-hover-palette-1-base u-border-palette-1-base u-btn u-btn-round u-button-style u-hover-palette-1-base u-none u-radius-50 u-btn-2\" target=\"_blank\">Je donne<\/a>\n              <\/div>\n            <\/div>\n            <div class=\"u-align-center u-container-style u-list-item u-repeater-item\">\n              <div class=\"u-container-layout u-similar-container u-valign-top u-container-layout-3\"><span class=\"u-icon u-icon-circle u-icon-3\"><svg class=\"u-svg-link\" preserveAspectRatio=\"xMidYMin slice\" viewBox=\"0 0 58 58\" style=\"\"><use xlink:href=\"#svg-1b70\"><\/use><\/svg><svg class=\"u-svg-content\" viewBox=\"0 0 58 58\" x=\"0px\" y=\"0px\" id=\"svg-1b70\" style=\"enable-background:new 0 0 58 58;\"><path style=\"fill:#7383BF;\" d=\"M53.566,45.283l-9.552-4.776C42.78,39.89,42,38.628,42,37.248V33.5\n\tc0.268-0.305,0.576-0.698,0.904-1.162c1.302-1.838,2.286-3.861,2.969-5.984C47.098,25.977,48,24.845,48,23.5v-4\n\tc0-0.88-0.391-1.667-1-2.217V11.5c0,0,1.187-9-11-9c-12.188,0-11,9-11,9v5.783c-0.609,0.55-1,1.337-1,2.217v4\n\tc0,1.054,0.554,1.981,1.383,2.517C26.382,30.369,29,33.5,29,33.5v3.655c0,1.333-0.728,2.56-1.899,3.198L18.18,45.22\n\tC15.603,46.625,14,49.326,14,52.261V55.5h44v-3.043C58,49.419,56.283,46.642,53.566,45.283z\"><\/path><path style=\"fill:#556080;\" d=\"M18.18,45.22l5.946-3.243c-0.034-0.033-0.005-0.043,0.065-0.036l2.91-1.587\n\tC28.272,39.715,29,38.489,29,37.155V33.5c0,0-1.062-1.275-2.092-3.323h0c0-0.001-0.001-0.002-0.001-0.003\n\tc-0.135-0.268-0.268-0.551-0.399-0.844c-0.018-0.041-0.036-0.08-0.054-0.121c-0.133-0.303-0.263-0.616-0.386-0.944\n\tc-0.008-0.021-0.015-0.044-0.023-0.065c-0.108-0.29-0.209-0.589-0.306-0.896c-0.026-0.084-0.052-0.167-0.077-0.251\n\tc-0.101-0.338-0.196-0.682-0.278-1.038C24.554,25.481,24,24.554,24,23.5v-4c0-0.88,0.391-1.667,1-2.217v-5.648\n\tC23.587,10.539,21.397,9.5,18,9.5c-9.563,0-10,8-10,8v4.995c-0.526,0.475-1,1.154-1,1.914v3.455c0,0.911,0.479,1.711,1.194,2.174\n\tc0.863,3.758,3.76,6.463,3.76,6.463v3.157c0,1.151-0.629,2.211-1.64,2.762L3.61,46.622C1.385,47.836,0,50.168,0,52.703V55.5h14\n\tv-3.239C14,49.326,15.603,46.625,18.18,45.22z\"><\/path><\/svg><\/span>\n                <p class=\"u-text u-text-3\">Pour une offrande de Messe ou de pri\u00e8re<\/p>\n                <a href=\"https:\/\/www.paypal.com\/donate?hosted_button_id=FNSRUXFVWZLGU\" class=\"u-border-2 u-border-hover-palette-1-base u-border-palette-1-base u-btn u-btn-round u-button-style u-hover-palette-1-base u-none u-radius-50 u-btn-3\" target=\"_blank\">Je donne<\/a>\n              <\/div>\n            <\/div>\n          <\/div>\n        <\/div>\n        <div alt=\"\" class=\"u-image u-image-circle u-image-1\" data-image-width=\"1280\" data-image-height=\"853\"><\/div>\n        <h3 class=\"u-align-center u-text u-text-4\">Nous recueillons les dons en ligne de fa\u00e7on totalement s\u00e9curis\u00e9e via Paypal. Si tu souhaites faire un virement bancaire ou nous envoyer ton don par ch\u00e8que ou esp\u00e8ces , envoie nous un message via le formulaire de contact&nbsp;<\/h3>\n      <\/div>\n    <\/section>\n    \n    \n  \n","protected":false},"excerpt":{"rendered":"<p>Soutenez-nous, faites un don ! Je fais un don Pour nous soutenir et nous permettre d&rsquo;organiser des \u00e9v\u00e9nements internationaux gratuits en ligne et\/ou en personne. Je donne Pour soutenir les pr\u00eatres qui participent b\u00e9n\u00e9volement \u00e0 nos \u00e9v\u00e9nements Je donne Pour une offrande de Messe ou de pri\u00e8re Je donne Nous recueillons les dons en ligne &hellip; <a href=\"https:\/\/lesamisdesaintmichel.fr\/index.php\/dons-et-offrandes\/\" class=\"more-link\">Continue reading<span class=\"screen-reader-text\"> \u00ab\u00a0Dons et offrandes\u00a0\u00bb<\/span><\/a><\/p>\n","protected":false},"author":1,"featured_media":0,"parent":0,"menu_order":0,"comment_status":"closed","ping_status":"closed","template":"","meta":{"footnotes":""},"class_list":["post-355","page","type-page","status-publish","hentry"],"_links":{"self":[{"href":"https:\/\/lesamisdesaintmichel.fr\/index.php\/wp-json\/wp\/v2\/pages\/355","targetHints":{"allow":["GET"]}}],"collection":[{"href":"https:\/\/lesamisdesaintmichel.fr\/index.php\/wp-json\/wp\/v2\/pages"}],"about":[{"href":"https:\/\/lesamisdesaintmichel.fr\/index.php\/wp-json\/wp\/v2\/types\/page"}],"author":[{"embeddable":true,"href":"https:\/\/lesamisdesaintmichel.fr\/index.php\/wp-json\/wp\/v2\/users\/1"}],"replies":[{"embeddable":true,"href":"https:\/\/lesamisdesaintmichel.fr\/index.php\/wp-json\/wp\/v2\/comments?post=355"}],"version-history":[{"count":4,"href":"https:\/\/lesamisdesaintmichel.fr\/index.php\/wp-json\/wp\/v2\/pages\/355\/revisions"}],"predecessor-version":[{"id":384,"href":"https:\/\/lesamisdesaintmichel.fr\/index.php\/wp-json\/wp\/v2\/pages\/355\/revisions\/384"}],"wp:attachment":[{"href":"https:\/\/lesamisdesaintmichel.fr\/index.php\/wp-json\/wp\/v2\/media?parent=355"}],"curies":[{"name":"wp","href":"https:\/\/api.w.org\/{rel}","templated":true}]}}