{"id":367,"date":"2021-05-14T22:35:25","date_gmt":"2021-05-14T20:35:25","guid":{"rendered":"https:\/\/lesamisdesaintmichel.fr\/?page_id=367"},"modified":"2021-05-16T22:13:54","modified_gmt":"2021-05-16T20:13:54","slug":"contact","status":"publish","type":"page","link":"https:\/\/lesamisdesaintmichel.fr\/index.php\/contact\/","title":{"rendered":"Contact"},"content":{"rendered":"\n    \n    <section class=\"u-clearfix u-section-2\" id=\"carousel_6ef7\">\n      <div class=\"u-clearfix u-expanded-width u-layout-wrap u-layout-wrap-1\">\n        <div class=\"u-layout\">\n          <div class=\"u-layout-row\">\n            <div class=\"u-container-style u-image u-layout-cell u-left-cell u-size-30 u-image-1\">\n              <div class=\"u-container-layout u-container-layout-1\"><\/div>\n            <\/div>\n            <div class=\"u-align-center-lg u-align-center-md u-align-center-sm u-align-center-xl u-container-style u-layout-cell u-right-cell u-size-30 u-layout-cell-2\">\n              <div class=\"u-container-layout u-container-layout-2\">\n                <h2 class=\"u-align-center-xs u-text u-text-1\">Un t\u00e9moignage? Une demande?<\/h2>\n                <div class=\"u-border-6 u-border-grey-dark-1 u-line u-line-horizontal u-line-1\"><\/div>\n                <p class=\"u-align-center-xs u-text u-text-grey-40 u-text-2\">Remplis ce formulaire et nous reviendrons vers toi rapidement<\/p>\n                <div class=\"u-expanded-width u-form u-form-1\">\n                          <script>\n            function onSuccess(event) {\n                if (typeof window.serviceRequest !== 'undefined') {\n                    window.serviceRequest(jQuery(this).find('form'));\n                }\n                var msgContainer = jQuery(event.currentTarget).find('.wpcf7-response-output');\n                msgContainer.removeClass('u-form-send-error').addClass('u-form-send-message u-form-send-success');\n                msgContainer.show();\n                var redirectAddress = jQuery(event.currentTarget).find('[redirect-address]').attr('redirect-address');\n                if (redirectAddress) {\n                    setTimeout(function () {\n                        location.replace(redirectAddress);\n                    }, 2000);\n                }\n            }\n            function onError(event) {\n                var msgContainer = jQuery(event.currentTarget).find('.wpcf7-response-output');\n                msgContainer.removeClass('u-form-send-success').addClass('u-form-send-message u-form-send-error');\n                msgContainer.show();\n            }\n\n            jQuery('body')\n                .on('wpcf7mailsent',   '.u-form .wpcf7', onSuccess)\n                .on('wpcf7invalid',    '.u-form .wpcf7', onError)\n                .on('wpcf7:unaccepted', '.u-form .wpcf7', onError)\n                .on('wpcf7spam',       '.u-form .wpcf7', onError)\n                .on('wpcf7:aborted',    '.u-form .wpcf7', onError)\n                .on('wpcf7mailfailed', '.u-form .wpcf7', onError);\n        <\/script>\n        <style>\n            .u-form .wpcf7-response-output {\n                \/*position: relative !important;*\/\n                margin: 0 !important;\n                bottom: -70px!important;\n            }\n            .u-form .wpcf7 .ajax-loader {\n                margin-left: -24px;\n                margin-right: 0;\n            }\n        <\/style>\n\n<div class=\"wpcf7 no-js\" id=\"wpcf7-f374-o1\" lang=\"fr-FR\" dir=\"ltr\" data-wpcf7-id=\"374\">\n<div class=\"screen-reader-response\"><p role=\"status\" aria-live=\"polite\" aria-atomic=\"true\"><\/p> <ul><\/ul><\/div>\n<form style=\"padding: 10px\" action=\"\/index.php\/wp-json\/wp\/v2\/pages\/367#wpcf7-f374-o1\" method=\"post\" class=\"wpcf7-form init u-clearfix u-form-spacing-10 u-form-vertical u-inner-form u-form-custom-backend\" aria-label=\"Formulaire de contact\" novalidate=\"novalidate\" data-status=\"init\">\n<fieldset class=\"hidden-fields-container\"><input type=\"hidden\" name=\"_wpcf7\" value=\"374\" \/><input type=\"hidden\" name=\"_wpcf7_version\" value=\"6.1.5\" \/><input type=\"hidden\" name=\"_wpcf7_locale\" value=\"fr_FR\" \/><input type=\"hidden\" name=\"_wpcf7_unit_tag\" value=\"wpcf7-f374-o1\" \/><input type=\"hidden\" name=\"_wpcf7_container_post\" value=\"0\" \/><input type=\"hidden\" name=\"_wpcf7_posted_data_hash\" value=\"\" \/>\n<\/fieldset>\n\n                    <div class=\"u-form-group wpcf7-form-control-wrap u-form-name\">\n                      <label for=\"name-516b\" class=\"u-form-control-hidden u-label\">Name<\/label>\n                      <input type=\"text\" placeholder=\"Ton nom et ton pr\u00e9nom\" id=\"name-516b\" name=\"name1\" class=\"u-border-1 u-border-grey-30 u-input wpcf7-form-control u-input-rectangle u-white\" required=\"\">\n                    <\/div>\n                    <div class=\"u-form-group wpcf7-form-control-wrap u-form-select u-form-group wpcf7-form-control-wrap-2\">\n                      <label for=\"select-9db5\" class=\"u-label\">Je souhaite des informations sur :<\/label>\n                      <div class=\"u-form-select-wrapper\">\n                        <select id=\"select-9db5\" name=\"select\" class=\"u-border-1 u-border-grey-30 u-input wpcf7-form-control u-input-rectangle u-white\" required=\"required\">\n                          <option value=\"Dons \/ Offrandes\">Dons \/ Offrandes<\/option>\n                          <option value=\"Pri\u00e8res\">Pri\u00e8res<\/option>\n                          <option value=\"B\u00e9n\u00e9volat\">B\u00e9n\u00e9volat<\/option>\n                        <\/select>\n                        <svg xmlns=\"http:\/\/www.w3.org\/2000\/svg\" width=\"14\" height=\"12\" version=\"1\" class=\"u-caret\"><path fill=\"currentColor\" d=\"M4 8L0 4h8z\"><\/path><\/svg>\n                      <\/div>\n                    <\/div>\n                    <div class=\"u-form-email u-form-group wpcf7-form-control-wrap\">\n                      <label for=\"email-516b\" class=\"u-form-control-hidden u-label\">Email<\/label>\n                      <input type=\"email\" placeholder=\"Adresse email\" id=\"email-516b\" name=\"email\" class=\"u-border-1 u-border-grey-30 u-input wpcf7-form-control u-input-rectangle u-white\" required=\"\">\n                    <\/div>\n                    <div class=\"u-form-group wpcf7-form-control-wrap u-form-message\">\n                      <label for=\"message-516b\" class=\"u-form-control-hidden u-label\">Message<\/label>\n                      <textarea placeholder=\"Saisissez votre message\" rows=\"4\" cols=\"50\" id=\"message-516b\" name=\"message\" class=\"u-border-1 u-border-grey-30 u-input wpcf7-form-control u-input-rectangle u-white\" required=\"\"><\/textarea>\n                    <\/div>\n                    <div class=\"u-align-center u-form-group wpcf7-form-control-wrap u-form-submit wpcf7-form-control\">\n                      <a href=\"#\" class=\"u-border-2 u-border-grey-75 u-btn u-btn-round u-btn-submit wpcf7-submit u-button-style u-none u-radius-30 u-btn-1\">Envoyer<\/a>\n                      <input type=\"submit\" value=\"submit\" class=\"u-form-control-hidden\">\n                    <\/div>\n                    <div class=\"u-form-send-message u-form-send-success\">Merci! Nous te contacterons rapidement.<\/div>\n                    <div class=\"u-form-send-error u-form-send-message\">Le message n'a pas pu \u00eatre envoy\u00e9. Merci de bien vouloir recommencer.<\/div>\n                    <input type=\"hidden\" value=\"\" name=\"recaptchaResponse\">\n                  <input type=\"hidden\" name=\"_contact7_backend\" value=\"1\"><p style=\"display: none !important;\" class=\"akismet-fields-container\" data-prefix=\"_wpcf7_ak_\"><label>&#916;<textarea name=\"_wpcf7_ak_hp_textarea\" cols=\"45\" rows=\"8\" maxlength=\"100\"><\/textarea><\/label><input type=\"hidden\" id=\"ak_js_1\" name=\"_wpcf7_ak_js\" value=\"223\"\/><script>document.getElementById( \"ak_js_1\" ).setAttribute( \"value\", ( new Date() ).getTime() );<\/script><\/p><div class=\"wpcf7-response-output\" aria-hidden=\"true\"><\/div>\n<\/form>\n<\/div>\n\n                <\/div>\n                <div class=\"u-shortcode u-shortcode-1\"><\/div>\n              <\/div>\n            <\/div>\n          <\/div>\n        <\/div>\n      <\/div>\n    <\/section>\n    \n    \n  \n","protected":false},"excerpt":{"rendered":"<p>Un t\u00e9moignage? Une demande? Remplis ce formulaire et nous reviendrons vers toi rapidement Name Je souhaite des informations sur : Dons \/ Offrandes Pri\u00e8res B\u00e9n\u00e9volat Email Message Envoyer Merci! Nous te contacterons rapidement. Le message n&rsquo;a pas pu \u00eatre envoy\u00e9. Merci de bien vouloir recommencer. &#916;<\/p>\n","protected":false},"author":1,"featured_media":0,"parent":0,"menu_order":0,"comment_status":"closed","ping_status":"closed","template":"","meta":{"footnotes":""},"class_list":["post-367","page","type-page","status-publish","hentry"],"_links":{"self":[{"href":"https:\/\/lesamisdesaintmichel.fr\/index.php\/wp-json\/wp\/v2\/pages\/367","targetHints":{"allow":["GET"]}}],"collection":[{"href":"https:\/\/lesamisdesaintmichel.fr\/index.php\/wp-json\/wp\/v2\/pages"}],"about":[{"href":"https:\/\/lesamisdesaintmichel.fr\/index.php\/wp-json\/wp\/v2\/types\/page"}],"author":[{"embeddable":true,"href":"https:\/\/lesamisdesaintmichel.fr\/index.php\/wp-json\/wp\/v2\/users\/1"}],"replies":[{"embeddable":true,"href":"https:\/\/lesamisdesaintmichel.fr\/index.php\/wp-json\/wp\/v2\/comments?post=367"}],"version-history":[{"count":4,"href":"https:\/\/lesamisdesaintmichel.fr\/index.php\/wp-json\/wp\/v2\/pages\/367\/revisions"}],"predecessor-version":[{"id":394,"href":"https:\/\/lesamisdesaintmichel.fr\/index.php\/wp-json\/wp\/v2\/pages\/367\/revisions\/394"}],"wp:attachment":[{"href":"https:\/\/lesamisdesaintmichel.fr\/index.php\/wp-json\/wp\/v2\/media?parent=367"}],"curies":[{"name":"wp","href":"https:\/\/api.w.org\/{rel}","templated":true}]}}